{"id":795,"date":"2018-08-29T18:33:08","date_gmt":"2018-08-29T21:33:08","guid":{"rendered":"https:\/\/isfd125-bue.infd.edu.ar\/sitio\/plan-de-estudios-7\/"},"modified":"2020-04-02T18:37:47","modified_gmt":"2020-04-02T21:37:47","slug":"plan-de-estudios-7","status":"publish","type":"page","link":"https:\/\/isfd125-bue.infd.edu.ar\/sitio\/plan-de-estudios-7\/","title":{"rendered":"Plan de estudios &#8211; Enfermer\u00eda (Resoluci\u00f3n N\u00ba 854 \/16)"},"content":{"rendered":"<p><a title=\"Resoluci\u00f3n 4259\/09\" href=\"upload\/Tecnicatura_Superior_en_Enfermeria_2009.doc\" target=\"_blank\" rel=\"noopener\">Resoluci\u00f3n 4259\/09<\/a><\/p>\n<table border=\"1\" cellspacing=\"0\" cellpadding=\"0\">\n<thead>\n<tr style=\"height: 60px; background-color: #5ca286;\" align=\"center\" valign=\"middle\">\n<td valign=\"top\" width=\"153\">\n<div><span style=\"font-family: arial,helvetica,sans-serif; font-size: 12pt;\"><strong>Primer A\u00f1o<\/strong><\/span><\/div>\n<\/td>\n<td valign=\"top\" width=\"153\">\n<div><span style=\"font-family: arial,helvetica,sans-serif; font-size: 12pt;\"><strong>Segundo A\u00f1o<\/strong><\/span><\/div>\n<\/td>\n<td valign=\"top\" width=\"156\">\n<div><span style=\"font-family: arial,helvetica,sans-serif; font-size: 12pt;\"><strong>Tercer A\u00f1o<\/strong><\/span><\/div>\n<\/td>\n<\/tr>\n<\/thead>\n<tbody>\n<tr>\n<td valign=\"top\" width=\"153\">\n<div><span style=\"font-family: arial,helvetica,sans-serif; font-size: 12pt;\">Salud P\u00fablica<\/span><\/div>\n<\/td>\n<td valign=\"top\" width=\"153\">\n<div><span style=\"font-family: arial,helvetica,sans-serif; font-size: 12pt;\">Introducci\u00f3n a la Investigaci\u00f3n en Salud<\/span><\/div>\n<\/td>\n<td valign=\"top\" width=\"156\">\n<div><span style=\"font-family: arial,helvetica,sans-serif; font-size: 12pt;\">Educaci\u00f3n en Salud<\/span><\/div>\n<\/td>\n<\/tr>\n<tr>\n<td valign=\"top\" width=\"153\">\n<div><span style=\"font-family: arial,helvetica,sans-serif; font-size: 12pt;\">Estructura y Funci\u00f3n del Cuerpo Humano<\/span><\/div>\n<\/td>\n<td valign=\"top\" width=\"153\">\n<div><span style=\"font-family: arial,helvetica,sans-serif; font-size: 12pt;\">Epidemiolog\u00eda y Estad\u00edstica en Salud<\/span><\/div>\n<\/td>\n<td valign=\"top\" width=\"156\">\n<div><span style=\"font-family: arial,helvetica,sans-serif; font-size: 12pt;\">Organizaci\u00f3n y Gesti\u00f3n de los Servicios de Salud<\/span><\/div>\n<\/td>\n<\/tr>\n<tr>\n<td valign=\"top\" width=\"153\">\n<div><span style=\"font-family: arial,helvetica,sans-serif; font-size: 12pt;\">Biof\u00edsica y Bioqu\u00edmica<\/span><\/div>\n<\/td>\n<td valign=\"top\" width=\"153\">\n<div><span style=\"font-family: arial,helvetica,sans-serif; font-size: 12pt;\">Inform\u00e1tica<\/span><\/div>\n<\/td>\n<td valign=\"top\" width=\"156\">\n<div><span style=\"font-family: arial,helvetica,sans-serif; font-size: 12pt;\">Investigaci\u00f3n y Planificaci\u00f3n en Salud<\/span><\/div>\n<\/td>\n<\/tr>\n<tr>\n<td valign=\"top\" width=\"153\">\n<div><span style=\"font-family: arial,helvetica,sans-serif; font-size: 12pt;\">Microbiolog\u00eda y Parasitolog\u00eda<\/span><\/div>\n<\/td>\n<td valign=\"top\" width=\"153\">\n<div><span style=\"font-family: arial,helvetica,sans-serif; font-size: 12pt;\">Enfermer\u00eda del Adulto y el Anciano<\/span><\/div>\n<\/td>\n<td valign=\"top\" width=\"156\">\n<div><span style=\"font-family: arial,helvetica,sans-serif; font-size: 12pt;\">Ingl\u00e9s<\/span><\/div>\n<\/td>\n<\/tr>\n<tr>\n<td valign=\"top\" width=\"153\">\n<div><span style=\"font-family: arial,helvetica,sans-serif; font-size: 12pt;\">Fundamentos de Nutrici\u00f3n<\/span><\/div>\n<\/td>\n<td valign=\"top\" width=\"153\">\n<div><span style=\"font-family: arial,helvetica,sans-serif; font-size: 12pt;\">Diet\u00e9tica en Enfermer\u00eda<\/span><\/div>\n<\/td>\n<td valign=\"top\" width=\"156\">\n<div><span style=\"font-family: arial,helvetica,sans-serif; font-size: 12pt;\">Enfermer\u00eda Materno Infantil II<\/span><\/div>\n<\/td>\n<\/tr>\n<tr>\n<td valign=\"top\" width=\"153\">\n<div><span style=\"font-family: arial,helvetica,sans-serif; font-size: 12pt;\">Enfermer\u00eda: Fundamentos, Pr\u00e1cticas y Tendencias<\/span><\/div>\n<\/td>\n<td valign=\"top\" width=\"153\">\n<div><span style=\"font-family: arial,helvetica,sans-serif; font-size: 12pt;\">Enfermer\u00eda en Salud Mental<\/span><\/div>\n<\/td>\n<td valign=\"top\" width=\"156\">\n<div><span style=\"font-family: arial,helvetica,sans-serif; font-size: 12pt;\">Organizaci\u00f3n y Gesti\u00f3n de Servicios de Enfermer\u00eda<\/span><\/div>\n<\/td>\n<\/tr>\n<tr>\n<td valign=\"top\" width=\"153\">\n<div><span style=\"font-family: arial,helvetica,sans-serif; font-size: 12pt;\">Enfermer\u00eda Materno Infantil I<\/span><\/div>\n<\/td>\n<td valign=\"top\" width=\"153\">\n<div><span style=\"font-family: arial,helvetica,sans-serif; font-size: 12pt;\">Espacio de Definici\u00f3n Institucional<strong>\u00a0<\/strong><\/span><\/div>\n<\/td>\n<td valign=\"top\" width=\"156\">\n<div><span style=\"font-family: arial,helvetica,sans-serif; font-size: 12pt;\">Enfermer\u00eda en Emergencias y Cat\u00e1strofes<\/span><\/div>\n<\/td>\n<\/tr>\n<tr>\n<td valign=\"top\" width=\"153\">\n<div><span style=\"font-family: arial,helvetica,sans-serif; font-size: 12pt;\">Farmacolog\u00eda en Enfermer\u00eda<\/span><\/div>\n<\/td>\n<td valign=\"top\" width=\"153\"><span style=\"font-family: arial,helvetica,sans-serif; font-size: 12pt;\">\u00a0<\/span><\/td>\n<td valign=\"top\" width=\"156\">\n<div><span style=\"font-family: arial,helvetica,sans-serif; font-size: 12pt;\">Aspectos Etico &#8211; Legales de la Pr\u00e1ctica Profesional<\/span><\/div>\n<\/td>\n<\/tr>\n<tr>\n<td valign=\"top\" width=\"153\"><span style=\"font-family: arial,helvetica,sans-serif; font-size: 12pt;\">\u00a0<\/span><\/td>\n<td valign=\"top\" width=\"153\"><span style=\"font-family: arial,helvetica,sans-serif; font-size: 12pt;\">\u00a0<\/span><\/td>\n<td valign=\"top\" width=\"156\">\n<div><span style=\"font-family: arial,helvetica,sans-serif; font-size: 12pt;\">Espacio de Definici\u00f3n Institucional<\/span><\/div>\n<\/td>\n<\/tr>\n<\/tbody>\n<\/table>\n","protected":false},"excerpt":{"rendered":"<p>Resoluci\u00f3n 4259\/09 Primer A\u00f1o Segundo A\u00f1o Tercer A\u00f1o Salud P\u00fablica Introducci\u00f3n a la Investigaci\u00f3n en Salud Educaci\u00f3n en Salud Estructura y Funci\u00f3n del Cuerpo Humano Epidemiolog\u00eda y Estad\u00edstica en Salud Organizaci\u00f3n y Gesti\u00f3n de los Servicios de Salud Biof\u00edsica y Bioqu\u00edmica Inform\u00e1tica Investigaci\u00f3n y Planificaci\u00f3n en Salud Microbiolog\u00eda y Parasitolog\u00eda Enfermer\u00eda del Adulto y el &#8230; <a title=\"Plan de estudios &#8211; Enfermer\u00eda (Resoluci\u00f3n N\u00ba 854 \/16)\" class=\"read-more\" href=\"https:\/\/isfd125-bue.infd.edu.ar\/sitio\/plan-de-estudios-7\/\" aria-label=\"More on Plan de estudios &#8211; Enfermer\u00eda (Resoluci\u00f3n N\u00ba 854 \/16)\">[+]<\/a><\/p>\n","protected":false},"author":115,"featured_media":0,"parent":0,"menu_order":0,"comment_status":"closed","ping_status":"closed","template":"","meta":[],"acf":[],"_links":{"self":[{"href":"https:\/\/isfd125-bue.infd.edu.ar\/sitio\/wp-json\/wp\/v2\/pages\/795"}],"collection":[{"href":"https:\/\/isfd125-bue.infd.edu.ar\/sitio\/wp-json\/wp\/v2\/pages"}],"about":[{"href":"https:\/\/isfd125-bue.infd.edu.ar\/sitio\/wp-json\/wp\/v2\/types\/page"}],"author":[{"embeddable":true,"href":"https:\/\/isfd125-bue.infd.edu.ar\/sitio\/wp-json\/wp\/v2\/users\/115"}],"replies":[{"embeddable":true,"href":"https:\/\/isfd125-bue.infd.edu.ar\/sitio\/wp-json\/wp\/v2\/comments?post=795"}],"version-history":[{"count":3,"href":"https:\/\/isfd125-bue.infd.edu.ar\/sitio\/wp-json\/wp\/v2\/pages\/795\/revisions"}],"predecessor-version":[{"id":843,"href":"https:\/\/isfd125-bue.infd.edu.ar\/sitio\/wp-json\/wp\/v2\/pages\/795\/revisions\/843"}],"wp:attachment":[{"href":"https:\/\/isfd125-bue.infd.edu.ar\/sitio\/wp-json\/wp\/v2\/media?parent=795"}],"curies":[{"name":"wp","href":"https:\/\/api.w.org\/{rel}","templated":true}]}}