{"id":870,"date":"2020-07-15T18:49:08","date_gmt":"2020-07-15T21:49:08","guid":{"rendered":"https:\/\/isfd125-bue.infd.edu.ar\/sitio\/?page_id=870"},"modified":"2020-07-15T20:03:50","modified_gmt":"2020-07-15T23:03:50","slug":"certificados","status":"publish","type":"page","link":"https:\/\/isfd125-bue.infd.edu.ar\/sitio\/certificados\/","title":{"rendered":"Certificados"},"content":{"rendered":"<p>En esta secci\u00f3n, podr\u00e1s descargar los certificados oficiales, publicados por la Direcci\u00f3n General de Cultura y Educaci\u00f3n de la Provincia de Bs As.<\/p>\n<p><strong>Carreras y Resoluciones Ministeriales (Dato):<\/strong><\/p>\n<ul>\n<li>Profesorado en Educaci\u00f3n Primaria, Res. M. 4154-07<\/li>\n<li>Profesorado en Educaci\u00f3n Inicial, Res. M. 4154-07<\/li>\n<li>Tec. Superior en Higiene Y Seguridad en el Trabajo, Res. M. 320-13<\/li>\n<li>Tec. Superior en Enfermer\u00eda, Res. M. 854<\/li>\n<\/ul>\n<p><strong>DESCARGAS:<\/strong><\/p>\n<p><a href=\"https:\/\/isfd125-bue.infd.edu.ar\/sitio\/wp-content\/uploads\/2020\/07\/Constancia-Alumno-Regular-Formulario-A7.pdf\">Constancia Alumno Regular Formulario A7<\/a><\/p>\n","protected":false},"excerpt":{"rendered":"<p>En esta secci\u00f3n, podr\u00e1s descargar los certificados oficiales, publicados por la Direcci\u00f3n General de Cultura y Educaci\u00f3n de la Provincia de Bs As. Carreras y Resoluciones Ministeriales (Dato): Profesorado en Educaci\u00f3n Primaria, Res. M. 4154-07 Profesorado en Educaci\u00f3n Inicial, Res. M. 4154-07 Tec. Superior en Higiene Y Seguridad en el Trabajo, Res. M. 320-13 Tec. &#8230; <a title=\"Certificados\" class=\"read-more\" href=\"https:\/\/isfd125-bue.infd.edu.ar\/sitio\/certificados\/\" aria-label=\"More on Certificados\">[+]<\/a><\/p>\n","protected":false},"author":1132,"featured_media":0,"parent":0,"menu_order":0,"comment_status":"closed","ping_status":"closed","template":"","meta":[],"acf":[],"_links":{"self":[{"href":"https:\/\/isfd125-bue.infd.edu.ar\/sitio\/wp-json\/wp\/v2\/pages\/870"}],"collection":[{"href":"https:\/\/isfd125-bue.infd.edu.ar\/sitio\/wp-json\/wp\/v2\/pages"}],"about":[{"href":"https:\/\/isfd125-bue.infd.edu.ar\/sitio\/wp-json\/wp\/v2\/types\/page"}],"author":[{"embeddable":true,"href":"https:\/\/isfd125-bue.infd.edu.ar\/sitio\/wp-json\/wp\/v2\/users\/1132"}],"replies":[{"embeddable":true,"href":"https:\/\/isfd125-bue.infd.edu.ar\/sitio\/wp-json\/wp\/v2\/comments?post=870"}],"version-history":[{"count":13,"href":"https:\/\/isfd125-bue.infd.edu.ar\/sitio\/wp-json\/wp\/v2\/pages\/870\/revisions"}],"predecessor-version":[{"id":900,"href":"https:\/\/isfd125-bue.infd.edu.ar\/sitio\/wp-json\/wp\/v2\/pages\/870\/revisions\/900"}],"wp:attachment":[{"href":"https:\/\/isfd125-bue.infd.edu.ar\/sitio\/wp-json\/wp\/v2\/media?parent=870"}],"curies":[{"name":"wp","href":"https:\/\/api.w.org\/{rel}","templated":true}]}}